{"id":167,"date":"2019-11-13T08:29:49","date_gmt":"2019-11-13T07:29:49","guid":{"rendered":"https:\/\/www.seritium.es\/wordpress\/?page_id=167"},"modified":"2022-09-23T22:22:20","modified_gmt":"2022-09-23T20:22:20","slug":"erasmus","status":"publish","type":"page","link":"https:\/\/www.seritium.es\/wordpress\/index.php\/erasmus\/","title":{"rendered":"Erasmus+"},"content":{"rendered":"<div class=\"wp-block-image\">\n<figure class=\"aligncenter size-full is-resized\"><img loading=\"lazy\" decoding=\"async\" src=\"https:\/\/www.seritium.es\/wordpress\/wp-content\/uploads\/2022\/09\/fundingERASMUS.jpg\" alt=\"\" class=\"wp-image-2839\" width=\"500\" height=\"102\" srcset=\"https:\/\/www.seritium.es\/wordpress\/wp-content\/uploads\/2022\/09\/fundingERASMUS.jpg 1000w, https:\/\/www.seritium.es\/wordpress\/wp-content\/uploads\/2022\/09\/fundingERASMUS-300x62.jpg 300w, https:\/\/www.seritium.es\/wordpress\/wp-content\/uploads\/2022\/09\/fundingERASMUS-768x157.jpg 768w\" sizes=\"auto, (max-width: 500px) 100vw, 500px\" \/><\/figure>\n<\/div>\n\n\n<h2 class=\"alignwide has-text-align-center has-text-color wp-block-heading\" style=\"color:#6f1fba\"><strong>Presentaci\u00f3n del proyecto Erasmus + Social inclusion<\/strong><\/h2>\n\n\n\n<p>Desde principios de curso estamos inmersos en una nueva aventura. Junto con compa\u00f1eros y compa\u00f1eras de Noruega, Grecia, Francia, Alemania y Austria, vamos a organizar una serie de intercambios de profesorado y alumnado a lo largo de dos cursos escolares, 2019-20 y 2020-21.<\/p>\n\n\n\n<p>El tema general de este proyecto es la integraci\u00f3n social de todos los grupos minoritarios y desfavorecidos en Europa actualmente y el nuestro en concreto, trata de la Integraci\u00f3n de la comunidad gitana en Jerez y de lograr una Mirada positiva sobre el fen\u00f3meno migratorio. Su t\u00edtulo es <strong>Learning to integrate<\/strong>. Nuestro idioma de trabajo es, claramente, el ingl\u00e9s.<\/p>\n\n\n\n<p>Cada instituto organizar\u00e1 un encuentro de estudiantes y profesores  (siete y dos respectivamente) donde los anfitriones desarrollar\u00e1n el proyecto que hayan elegido durante cuatro d\u00edas. En total, cada encuentro supone el desplazamiento de 35 alumn@s y 10 profesores extranjeros. El intercambio incluye que ese alumnado se aloje con familias de nuestro centro durante esa semana.<\/p>\n\n\n\n<p>El trabajo hasta la fecha ha incluido elaborar y  desarrollar nuestro proyecto, gestionar todo el papeleo (lo que sido realmente complicado en algunos momentos) y ponernos de acuerdo con nuestros colegas europeos. Adem\u00e1s, hemos tenido que seleccionar a nuestro alumnado, chicos y chicas de distintos grupos de 3\u00ba y 4\u00ba de Eso, por criterios aprobados en Consejo Escolar. Juntos tendremos que poner en marcha este proyecto tan ilusionante. See you soon.<\/p>\n\n\n<div class=\"wp-block-image\">\n<figure class=\"aligncenter\"><img loading=\"lazy\" decoding=\"async\" width=\"851\" height=\"315\" src=\"https:\/\/www.seritium.es\/wordpress\/wp-content\/uploads\/2019\/11\/Erasmusbanner.png\" alt=\"\" class=\"wp-image-177\" srcset=\"https:\/\/www.seritium.es\/wordpress\/wp-content\/uploads\/2019\/11\/Erasmusbanner.png 851w, https:\/\/www.seritium.es\/wordpress\/wp-content\/uploads\/2019\/11\/Erasmusbanner-300x111.png 300w, https:\/\/www.seritium.es\/wordpress\/wp-content\/uploads\/2019\/11\/Erasmusbanner-768x284.png 768w\" sizes=\"auto, (max-width: 851px) 100vw, 851px\" \/><\/figure>\n<\/div>\n\n\n<p><\/p>\n\n\n\n<p><\/p>\n\n\n\n<p><\/p>\n","protected":false},"excerpt":{"rendered":"<p>Presentaci\u00f3n del proyecto Erasmus + Social inclusion Desde principios de curso estamos inmersos en una nueva aventura. Junto con compa\u00f1eros y compa\u00f1eras de Noruega, Grecia,&hellip; <\/p>\n","protected":false},"author":1,"featured_media":0,"parent":0,"menu_order":0,"comment_status":"closed","ping_status":"closed","template":"","meta":{"footnotes":""},"class_list":["post-167","page","type-page","status-publish","hentry"],"_links":{"self":[{"href":"https:\/\/www.seritium.es\/wordpress\/index.php\/wp-json\/wp\/v2\/pages\/167","targetHints":{"allow":["GET"]}}],"collection":[{"href":"https:\/\/www.seritium.es\/wordpress\/index.php\/wp-json\/wp\/v2\/pages"}],"about":[{"href":"https:\/\/www.seritium.es\/wordpress\/index.php\/wp-json\/wp\/v2\/types\/page"}],"author":[{"embeddable":true,"href":"https:\/\/www.seritium.es\/wordpress\/index.php\/wp-json\/wp\/v2\/users\/1"}],"replies":[{"embeddable":true,"href":"https:\/\/www.seritium.es\/wordpress\/index.php\/wp-json\/wp\/v2\/comments?post=167"}],"version-history":[{"count":6,"href":"https:\/\/www.seritium.es\/wordpress\/index.php\/wp-json\/wp\/v2\/pages\/167\/revisions"}],"predecessor-version":[{"id":2841,"href":"https:\/\/www.seritium.es\/wordpress\/index.php\/wp-json\/wp\/v2\/pages\/167\/revisions\/2841"}],"wp:attachment":[{"href":"https:\/\/www.seritium.es\/wordpress\/index.php\/wp-json\/wp\/v2\/media?parent=167"}],"curies":[{"name":"wp","href":"https:\/\/api.w.org\/{rel}","templated":true}]}}