{"id":2,"date":"2019-09-08T17:37:11","date_gmt":"2019-09-08T15:37:11","guid":{"rendered":"https:\/\/www.seritium.es\/wordpress\/?page_id=2"},"modified":"2019-09-10T16:53:48","modified_gmt":"2019-09-10T14:53:48","slug":"informacion-ies-seritium","status":"publish","type":"page","link":"https:\/\/www.seritium.es\/wordpress\/index.php\/informacion-ies-seritium\/","title":{"rendered":"Informaci\u00f3n del IES Seritium"},"content":{"rendered":"\n<p>\u00bfNecesitas conocer algo de nuestro instituto? En este apartado encontrar\u00e1s informaci\u00f3n \u00fatil sobre nosotros.<\/p>\n","protected":false},"excerpt":{"rendered":"<p>\u00bfNecesitas conocer algo de nuestro instituto? En este apartado encontrar\u00e1s informaci\u00f3n \u00fatil sobre nosotros.<\/p>\n","protected":false},"author":1,"featured_media":0,"parent":0,"menu_order":0,"comment_status":"closed","ping_status":"closed","template":"","meta":{"footnotes":""},"class_list":["post-2","page","type-page","status-publish","hentry"],"_links":{"self":[{"href":"https:\/\/www.seritium.es\/wordpress\/index.php\/wp-json\/wp\/v2\/pages\/2","targetHints":{"allow":["GET"]}}],"collection":[{"href":"https:\/\/www.seritium.es\/wordpress\/index.php\/wp-json\/wp\/v2\/pages"}],"about":[{"href":"https:\/\/www.seritium.es\/wordpress\/index.php\/wp-json\/wp\/v2\/types\/page"}],"author":[{"embeddable":true,"href":"https:\/\/www.seritium.es\/wordpress\/index.php\/wp-json\/wp\/v2\/users\/1"}],"replies":[{"embeddable":true,"href":"https:\/\/www.seritium.es\/wordpress\/index.php\/wp-json\/wp\/v2\/comments?post=2"}],"version-history":[{"count":5,"href":"https:\/\/www.seritium.es\/wordpress\/index.php\/wp-json\/wp\/v2\/pages\/2\/revisions"}],"predecessor-version":[{"id":56,"href":"https:\/\/www.seritium.es\/wordpress\/index.php\/wp-json\/wp\/v2\/pages\/2\/revisions\/56"}],"wp:attachment":[{"href":"https:\/\/www.seritium.es\/wordpress\/index.php\/wp-json\/wp\/v2\/media?parent=2"}],"curies":[{"name":"wp","href":"https:\/\/api.w.org\/{rel}","templated":true}]}}