{"id":2166,"date":"2021-09-21T10:32:16","date_gmt":"2021-09-21T08:32:16","guid":{"rendered":"https:\/\/www.seritium.es\/wordpress\/?page_id=2166"},"modified":"2026-03-25T10:44:24","modified_gmt":"2026-03-25T09:44:24","slug":"cuentas-seritium-es","status":"publish","type":"page","link":"https:\/\/www.seritium.es\/wordpress\/index.php\/cuentas-seritium-es\/","title":{"rendered":"Cuentas @seritium.es"},"content":{"rendered":"\n<p class=\"has-pale-cyan-blue-background-color has-text-color has-background has-medium-font-size\" style=\"color:#0d045d\">NOTA 12\/enero\/2026: revisi\u00f3n de las pol\u00edticas de seguridad de aplicaciones de terceros de Google; anulaci\u00f3n preventiva de aplicaciones de este tipo bajo cuentas de alumnado. <\/p>\n\n\n\n<p class=\"has-pale-cyan-blue-background-color has-text-color has-background has-medium-font-size\" style=\"color:#0d045d\">NOTA 15\/sep\/2025: activado el autorelleno de correos electr\u00f3nicos en GMAIL; a los alumnos solo les aparecen sus profesores y a los profesores, todos los usuarios. <\/p>\n\n\n\n<p class=\"has-pale-cyan-blue-background-color has-text-color has-background has-medium-font-size\" style=\"color:#0d045d\">NOTA 3\/feb\/2025: activado expl\u00edcitamente el consentimiento para menores de edad de los \u00abServicios adicionales de Google\u00bb descritos en el punto 7 de este documento, entendiendo que las familias han le\u00eddo este documento como se le indica en el formulario de autorizaci\u00f3n y aceptan estos servicios. Al ser imposible aplicar el estado de este consentimiento de forma personal, la renuncia al consentimiento de los \u00abServicios adicionales de Google\u00bb significar\u00eda la renuncia a la cuenta completa.<\/p>\n\n\n\n<p class=\"has-pale-cyan-blue-background-color has-text-color has-background has-medium-font-size\" style=\"color:#0d045d\">NOTA 3\/feb\/2025: actualizada lista de palabras soeces. Se ampl\u00eda la detecci\u00f3n al correo electr\u00f3nico. Una copia del mensaje que contenga contenido inadecuado se redirigir\u00e1 a la bandeja de entrada del administrador y se informar\u00e1 a la jefatura de estudios. Los mensajes con este contenido dejar\u00e1n por tanto de ser privados. La privacidad de los mensajes que no contengan este tipo de contenido seguir\u00e1 intacta.<\/p>\n\n\n\n<p class=\"has-pale-cyan-blue-background-color has-text-color has-background has-medium-font-size\" style=\"color:#0d045d\">NOTA 8\/oct\/2024: el aumno\/a de ESO o BAC no podr\u00e1 asimismo cambiar su imagen personal ni otros datos, como nombre o sexo.<\/p>\n\n\n\n<p class=\"has-pale-cyan-blue-background-color has-text-color has-background has-medium-font-size\" style=\"color:#0d045d\">NOTA 13\/sep\/2023: modificada configuraci\u00f3n de terceros petici\u00f3n de autentificaci\u00f3n. Permitidas para las aplicaciones Canva (web y android), Autodesk inc, Quizizz, Genially, Kahoot, App Inventor. Todas por su alto valor educativo. Las dos \u00faltimas no verificadas a\u00fan por Google. <\/p>\n\n\n\n<p><\/p>\n\n\n\n<p>En esta p\u00e1gina encontrar\u00e1s:<\/p>\n\n\n\n<ol class=\"wp-block-list\">\n<li>Una introducci\u00f3n<\/li>\n\n\n\n<li>Condiciones de servicio y privacidad de Google.<\/li>\n\n\n\n<li>Par\u00e1metros de administraci\u00f3n de la cuenta.<\/li>\n\n\n\n<li>Recomendaci\u00f3n para profesores\/as.<\/li>\n\n\n\n<li>Recomendaci\u00f3n para alumnos\/as.<\/li>\n<\/ol>\n\n\n\n<hr class=\"wp-block-separator has-css-opacity\"\/>\n\n\n\n<h1 class=\"wp-block-heading\"><mark style=\"background-color:rgba(0, 0, 0, 0);color:#0b3c51\" class=\"has-inline-color\">Introducci\u00f3n<\/mark><\/h1>\n\n\n\n<p class=\"has-medium-font-size\">Desde el 26-mayo-2017 tenemos concedida una cuenta de Google for Education (ahora Google Workspace for Education Fundamentals) asociada al dominio <strong><span class=\"has-inline-color has-vivid-cyan-blue-color\">@seritium.es<\/span><\/strong><\/p>\n\n\n\n<p class=\"has-medium-font-size\">El objetivo \u00faltimo al crear la cuenta era mejorar la comunicaci\u00f3n en el centro y la gesti\u00f3n de la informaci\u00f3n. En cinco a\u00f1os, y espoleados por un confinamiento sobrevenido, hemos ido, poco a poco, consolidando estos servicios que ofrece Google acerc\u00e1ndonos al objetivo. <\/p>\n\n\n\n<p class=\"has-medium-font-size\">En esta ecuaci\u00f3n, en principio, no entraban los alumnos\/as del centro. Pero debido a la necesidad de impartir clases no presenciales, y tener que contar con correos electr\u00f3nicos y servicios como Google Classroom, se han creado cuentas tambi\u00e9n para el alumnado. Estas cuentas, al ser m\u00e1s sensibles, est\u00e1n sujetas a restricciones que se describen a continuaci\u00f3n.<\/p>\n\n\n\n<hr class=\"wp-block-separator has-css-opacity\"\/>\n\n\n\n<h1 class=\"wp-block-heading\"><mark style=\"background-color:rgba(0, 0, 0, 0);color:#0b3c51\" class=\"has-inline-color\">Condiciones del Servicio y privacidad<\/mark><\/h1>\n\n\n\n<p class=\"has-medium-font-size\">T\u00e9rminos del servicio actualizados: <a href=\"https:\/\/workspace.google.com\/terms\/education_terms.html\" target=\"_blank\" rel=\"noreferrer noopener\">https:\/\/workspace.google.com\/terms\/education_terms.html<\/a><\/p>\n\n\n\n<p class=\"has-medium-font-size\">Condiciones de privacidad:<a href=\"https:\/\/workspace.google.com\/terms\/education_privacy.html#privacy-police-revamp-your-info\" target=\"_blank\" rel=\"noreferrer noopener\"> https:\/\/workspace.google.com\/terms\/education_privacy.html#privacy-police-revamp-your-info<\/a><\/p>\n\n\n\n<p class=\"has-medium-font-size\">En la siguiente direcci\u00f3n (<a rel=\"noreferrer noopener\" href=\"https:\/\/edu.google.com\/why-google\/privacy-security\" target=\"_blank\">https:\/\/edu.google.com\/why-google\/privacy-security<\/a>) Google explica detalladamente su compromiso con la privacidad de las cuentas asociadas al alumnado, destacando:<\/p>\n\n\n\n<ul class=\"wp-block-list has-medium-font-size\">\n<li>Google no asume la propiedad de los datos<\/li>\n\n\n\n<li>Google no comparte la informaci\u00f3n del alumnado con terceros, salvo que lo pidan expresamente o haya circunstancias legales que lo aconsejen.<\/li>\n\n\n\n<li>Google cumple con el Reglamento General de protecci\u00f3n de Datos: <a href=\"https:\/\/cloud.google.com\/security\/gdpr\/#gdpr-what-you-can-do__footnotes\">https:\/\/cloud.google.com\/security\/gdpr\/#gdpr-what-you-can-do__footnotes<\/a><\/li>\n<\/ul>\n\n\n\n<hr class=\"wp-block-separator has-css-opacity\"\/>\n\n\n\n<h1 class=\"wp-block-heading\"><mark style=\"background-color:rgba(0, 0, 0, 0);color:#0b3c51\" class=\"has-inline-color\">Administraci\u00f3n de la cuenta<\/mark><mark style=\"background-color:rgba(0, 0, 0, 0);color:#0b3c51\" class=\"has-inline-color\"><\/mark><\/h1>\n\n\n\n<p class=\"has-medium-font-size\">La cuenta es actualmente administrada por el coordinador TDE del centro. De los aspectos administrativos de la cuenta @seritium.es, para que sirva de informaci\u00f3n, destaco:<\/p>\n\n\n\n<ol class=\"wp-block-list has-medium-font-size\">\n<li>Los usuarios se distribuyen seg\u00fan grupos, llamados <strong>unidades organizativas<\/strong>:\n<ul class=\"wp-block-list\">\n<li><strong>Claustro<\/strong>: incluye todas las cuentas del profesorado.<\/li>\n\n\n\n<li><strong>Alumnado Seritium: <\/strong>cuentas de alumnos de ESO y BAC.<\/li>\n\n\n\n<li><strong>Alumnado Ciclo:<\/strong> cuentas de alumnos del ciclo superior de actividades deportivas.  <\/li>\n<\/ul>\n<\/li>\n\n\n\n<li>La unidad organizativa <strong>Alumnado Seritium<\/strong> es etiquetada como \u00abAlgunos usuarios o todos tienen menos de 18 a\u00f1os\u00bb. En este caso Google act\u00faa en consecuencia <a rel=\"noreferrer noopener\" href=\"https:\/\/support.google.com\/a\/answer\/10651918?hl=es\" target=\"_blank\">restringiendo sus servicios a este grupo de edad<\/a>. <\/li>\n\n\n\n<li>La unidad organizativa <strong>Claustro<\/strong> est\u00e1 etiquetada como \u00abTodos los usuarios tienen 18 a\u00f1os o m\u00e1s\u00bb.<\/li>\n\n\n\n<li>La unidad organizativa <strong>Alumnado Ciclo<\/strong> est\u00e1 etiquetada como \u00abTodos los usuarios tienen 18 a\u00f1os o m\u00e1s\u00bb.<\/li>\n\n\n\n<li>Est\u00e1 deshabilitada la funci\u00f3n de compartir contactos fuera del dominio: \u00abConfiguraci\u00f3n de directorio\/Configuraci\u00f3n para compartir\u00bb<\/li>\n\n\n\n<li>Todas las unidades organizativas tienen activados todos los servicios principales: Gmail, Calendar, Classroom, , Contacts, Drive, Docs, Forms, Groups, Sheets, Sites, Slides,  Meet, Vault, and Chrome Sync.<ul><li>En Google calendar, <strong>Alumnado Seritium<\/strong> tiene prohibido compartir su lugar de trabajo y horario laboral.<\/li><li>En Google Classroom, solo el profesorado verificado puede crear salas y los padres\/madres pueden obtener informaci\u00f3n de la actividad de los mismos si los profesores verificados lo permiten.<\/li><li>A las salas Google Classroom dentro del dominio @seritium.es s\u00f3lo pueden unirse usuarios con las cuentas @seritium.es, pero un usuario @seritium.es puede unirse a cualquier sala de Gsuite si est\u00e1n en una lista blanca. Esto evita que alumnado de otros centros se \u00abcuelen\u00bb en nuestras salas pero permite a nuestro alumnado incorporarse a salas externas educativas si se lo permiti\u00e9ramos. Ahora mismo no hay ninguna permitida.<\/li><\/ul>\n<ul class=\"wp-block-list\">\n<li>En el apartado API de Classroom, el <strong>Alumnado Seritium<\/strong>  tiene prohibido conceder autorizaci\u00f3n a las aplicaciones para que accedan a sus datos.<\/li>\n\n\n\n<li>Drive y Documentos est\u00e1 activado para todos. <\/li>\n\n\n\n<li>En Drive y Documentos, el <strong>Alumnado Seritium <\/strong>tiene prohibido usar las unidades compartidas. Tambi\u00e9n tiene prohibido compartir sus documentos o contenido fuera del dominio @seritium.es y usar complementos. Esto permite que un alumno\/a, dentro de su cuenta, no pueda ver contenidos de personas ajenas al dominio @seritium.es y tampoco compartir sus contenidos con terceras personas fuera del dominio. <\/li>\n\n\n\n<li>El correo electr\u00f3nico GMAIL est\u00e1 habilitado para todos. <\/li>\n\n\n\n<li>En Gmail, el <strong>Alumnado Seritium<\/strong> no podr\u00e1 modificar su nombre. Tendr\u00e1 el formato Apellidos &#8211; Nombre. <strong>Modificado 8-10-24: no podr\u00e1 asimismo cambiar su imagen personal ni otros datos, como nombre o sexo.<\/strong><\/li>\n\n\n\n<li>En Gmail, todas las cuentas est\u00e1n protegidas contra archivos adjuntos cifrados, o con secuencias de comandos, o an\u00f3malos, de remitentes no deseados. Se habilita la protecci\u00f3n de los enlaces en cuentas IMAP. Activados todos los ataques de spoofing, excepto \u00abProteger contra el spoofing de nombres de empleados\u00bb.<\/li>\n\n\n\n<li>Se activan autom\u00e1ticamente los ajustes que recomiende Google en un futuro para Gmail.<\/li>\n\n\n\n<li>En Gmail, Advertir a los usuarios antes de que respondan a un correo con destinatarios externos que no figuran en sus contactos.<\/li>\n\n\n\n<li>Activado el an\u00e1lisis mejorado de SPAM. <\/li>\n\n\n\n<li>Google Chat y versi\u00f3n cl\u00e1sica de Hangouts desactivados.<\/li>\n\n\n\n<li>En Google Meet, desactivado el acceso telef\u00f3nico, sea o no de pago.<\/li>\n\n\n\n<li>En Google Meet, el <strong>Alumnado Seritium<\/strong> no tiene permitido grabar las sesiones. Tampoco generar videollamadas. <\/li>\n\n\n\n<li>En Google Meet, los usuarios pueden sustituir el fondo por una imagen, pero no el <strong>Alumnado Seritium<\/strong>.<\/li>\n\n\n\n<li>Los usuarios ajenos a la organizaci\u00f3n no pueden acceder a los grupos. Cualquier usuario de la organizaci\u00f3n puede crear grupos, y a \u00e9stos se les permite a\u00f1adir miembros externos y permitir la entrada de correo externo. Todos los miembros del grupo pueden ver las conversaciones, y los propietarios de grupo pueden ocultarlos. Como estas opciones son comunes a todos los usuarios, se recomienda no fomentarla entre el alumnado. <\/li>\n<\/ul>\n<\/li>\n\n\n\n<li>Servicios adicionales activados: Alertas de Google, Applied Digital Skills, Blogger, Chrome Web Store, Copias de seguridad de aplicaciones de terceros (desactivado para el <strong>Alumnado Seritium<\/strong>), Currents (en modo privado), FeedBurner, Google Bookmarks, Google Cloud Platform, Google Cloud print, Google Data Studio, Google Domains, Google Earth, Google Maps, Google My Maps, Google Libros, Google Fotos, Google Play administrado, Google Play Console, Google Public Data, Google Search Console, Google Takeout, Google Translator Kit, Google Voice, Grupos de Google , Material Gallery, Perfiles de Acad\u00e9mico, Socratic y Youtube ( el <strong>Alumnado Seritium<\/strong> tiene una restricci\u00f3n moderada y no se les permite hangouts en directo).<\/li>\n\n\n\n<li>De las aplicaciones Google Workspace Marketplace, el <strong>Alumnado Seritium<\/strong> tiene activado Sketchup for Schools y draw.io. Las dem\u00e1s unidades organizativas tambi\u00e9n CoRubrics. En general los usuarios no pueden instalar estas aplicaciones.<\/li>\n\n\n\n<li>A los usuarios de<strong> Alumnado Seritium<\/strong> y <strong>Alumnado de Ciclo<\/strong> <strong>no se les activa el cambio de contrase\u00f1a obligatorio<\/strong>. \u00c9stas deben tener entre 10 y 100 caracteres, seguras (con letras min\u00fasculas, may\u00fasculas, n\u00famero y un car\u00e1cter tipogr\u00e1fico), caducan a los 365 d\u00edas y no pueden reutilizarse. Desde el curso 2023-2024, se regeneran en septiembre y est\u00e1n en posesi\u00f3n de los tutores y el coordinador TDE, instando al alumnado a conservar dicha contrase\u00f1a y custodiarla. Esta custodia supone tenerla siempre disponible y no comunicarla ni permitir que nadie se entere de ella, para evitar problemas de suplantaci\u00f3n de identidad. A la m\u00ednima sospecha de esta circunstancia, se actuar\u00e1 disciplinariamente y se cambiar\u00e1 la contrase\u00f1a comprometida por otra nueva. <\/li>\n\n\n\n<li>El<strong> Alumnado Seritium<\/strong> tiene inhabilitado el acceso a aplicaciones poco seguras. <\/li>\n\n\n\n<li>Se permite la verificaci\u00f3n en 2 pasos. Obligatoria para <strong>Alumnado del Ciclo<\/strong>.<\/li>\n\n\n\n<li>La sesi\u00f3n web dura hasta 8 horas. <\/li>\n\n\n\n<li><strong>Reglas de protecci\u00f3n de datos:<\/strong> advertir si se comparte en el contenido n\u00fameros de identificaci\u00f3n espa\u00f1oles, como el DNI o Pasaporte. Evitar el env\u00edo de ficheros en DRIVE con contenido sexual expl\u00edcito para todo el alumnado. <\/li>\n<\/ol>\n\n\n\n<hr class=\"wp-block-separator has-css-opacity\"\/>\n\n\n\n<h1 class=\"wp-block-heading\"><mark style=\"background-color:rgba(0, 0, 0, 0);color:#0b3c51\" class=\"has-inline-color\">Recomendaci\u00f3n para profesores\/a<\/mark>s<\/h1>\n\n\n\n<ol class=\"wp-block-list has-medium-font-size\">\n<li>Activa la <strong>VERIFICACI\u00d3N EN DOS PASOS.<\/strong> Aunque es un procedimiento que puede resultar al principio tedioso, es muy recomendable, sobre todo al manejar cuentas desde varios dispositivos compartidos. Para saber m\u00e1s <a href=\"https:\/\/youtu.be\/9VDfITSIC_s\">https:\/\/youtu.be\/9VDfITSIC_s<\/a><\/li>\n\n\n\n<li>Utilizar contrase\u00f1as seguras, que contengan <strong>letras, n\u00fameros y alg\u00fan car\u00e1cter tipogr\u00e1fico como %, &amp;, $, etc<\/strong>. Al menos 10 caracteres o m\u00e1s. <\/li>\n\n\n\n<li>Intentar compartir contenidos dentro de los servicios de Google dentro de la cuenta @seritium.es evitando los externos.<\/li>\n<\/ol>\n\n\n\n<hr class=\"wp-block-separator has-css-opacity\"\/>\n\n\n\n<h1 class=\"wp-block-heading\"><mark style=\"background-color:rgba(0, 0, 0, 0);color:#0b3c51\" class=\"has-inline-color\">Recomendaci\u00f3n para alumnos\/as<\/mark><\/h1>\n\n\n\n<ol class=\"wp-block-list has-medium-font-size\">\n<li>Utilizar contrase\u00f1as seguras, que contengan <strong>letras, n\u00fameros y alg\u00fan car\u00e1cter tipogr\u00e1fico como %, &amp;, $, etc<\/strong>. Al menos 10 caracteres o m\u00e1s. <\/li>\n\n\n\n<li>Ante cualquier irregularidad o cualquier circunstancia que pueda ser extra\u00f1a u ofensiva, consultar inmediatamente con un profesor\/a o con el coordinador TDE.<\/li>\n<\/ol>\n","protected":false},"excerpt":{"rendered":"<p>NOTA 12\/enero\/2026: revisi\u00f3n de las pol\u00edticas de seguridad de aplicaciones de terceros de Google; anulaci\u00f3n preventiva de aplicaciones de este tipo bajo cuentas de alumnado.&hellip; <\/p>\n","protected":false},"author":1,"featured_media":0,"parent":0,"menu_order":0,"comment_status":"closed","ping_status":"closed","template":"","meta":{"footnotes":""},"class_list":["post-2166","page","type-page","status-publish","hentry"],"_links":{"self":[{"href":"https:\/\/www.seritium.es\/wordpress\/index.php\/wp-json\/wp\/v2\/pages\/2166","targetHints":{"allow":["GET"]}}],"collection":[{"href":"https:\/\/www.seritium.es\/wordpress\/index.php\/wp-json\/wp\/v2\/pages"}],"about":[{"href":"https:\/\/www.seritium.es\/wordpress\/index.php\/wp-json\/wp\/v2\/types\/page"}],"author":[{"embeddable":true,"href":"https:\/\/www.seritium.es\/wordpress\/index.php\/wp-json\/wp\/v2\/users\/1"}],"replies":[{"embeddable":true,"href":"https:\/\/www.seritium.es\/wordpress\/index.php\/wp-json\/wp\/v2\/comments?post=2166"}],"version-history":[{"count":32,"href":"https:\/\/www.seritium.es\/wordpress\/index.php\/wp-json\/wp\/v2\/pages\/2166\/revisions"}],"predecessor-version":[{"id":3746,"href":"https:\/\/www.seritium.es\/wordpress\/index.php\/wp-json\/wp\/v2\/pages\/2166\/revisions\/3746"}],"wp:attachment":[{"href":"https:\/\/www.seritium.es\/wordpress\/index.php\/wp-json\/wp\/v2\/media?parent=2166"}],"curies":[{"name":"wp","href":"https:\/\/api.w.org\/{rel}","templated":true}]}}