{"id":3574,"date":"2025-07-20T19:13:30","date_gmt":"2025-07-20T17:13:30","guid":{"rendered":"https:\/\/www.seritium.es\/wordpress\/?page_id=3574"},"modified":"2025-07-20T19:24:51","modified_gmt":"2025-07-20T17:24:51","slug":"politica-de-cookies","status":"publish","type":"page","link":"https:\/\/www.seritium.es\/wordpress\/index.php\/politica-de-cookies\/","title":{"rendered":"Pol\u00edtica de cookies"},"content":{"rendered":"\n<h1 class=\"cookie-policy-h1\">Pol\u00edtica de Cookies<\/h1> <p> Fecha de entrada en vigor: 20-Jul-2025 <br> \u00daltima actualizaci\u00f3n: 20-Jul-2025 <\/p>\n\n \n<h5>\u00bfQu\u00e9 son las cookies?<\/h5> <div class=\"cookie-policy-p\"> <p>Esta Pol\u00edtica de Cookies explica qu\u00e9 son las cookies y c\u00f3mo las usamos, los tipos de cookies que utilizamos, es decir, la informaci\u00f3n que recopilamos mediante cookies y c\u00f3mo se utiliza esa informaci\u00f3n, y c\u00f3mo gestionar la configuraci\u00f3n de cookies.<\/p> <p>Las cookies son peque\u00f1os archivos de texto que se usan para almacenar fragmentos peque\u00f1os de informaci\u00f3n. Se almacenan en tu dispositivo cuando el sitio web se carga en tu navegador. Estas cookies nos ayudan a que el sitio web funcione correctamente, lo hagan m\u00e1s seguro, proporcionen una mejor experiencia de usuario y comprendan c\u00f3mo funciona el sitio web para analizar qu\u00e9 funciona y qu\u00e9 necesita mejorarse.<\/p> <\/div>\n\n \n<h5>\u00bfC\u00f3mo usamos las cookies?<\/h5> <div class=\"cookie-policy-p\"> <p>Como la mayor\u00eda de los servicios en l\u00ednea, nuestro sitio web utiliza cookies propias y de terceros para varios fines. Las cookies propias son en su mayor\u00eda necesarias para que el sitio web funcione correctamente, y no recopilan ninguno de tus datos personales identificables.<\/p> <p>Las cookies de terceros utilizadas en nuestro sitio web son principalmente para comprender c\u00f3mo funciona el sitio web, c\u00f3mo interact\u00faas con nuestro sitio, mantener nuestros servicios seguros, proporcionar anuncios que sean relevantes para ti, y en general brindarte una mejor experiencia de usuario mejorada y ayudar a acelerar tus futuras interacciones con nuestro sitio.<\/p> <\/div>\n\n \n<h5>Tipos de Cookies que usamos<\/h5> <div class=\"cky-audit-table-element\"><\/div>\n\n \n<h5 style=\"margin-bottom:20px;\">Administrar Preferencias de Cookies<\/h5> <a class=\"cky-banner-element\">Preferencias de Cookies<\/a> <br\/> <div> <p>Puedes cambiar tus preferencias de cookies en cualquier momento haciendo clic en el bot\u00f3n de arriba. Esto te permitir\u00e1 volver a ver el banner de consentimiento de cookies y cambiar tus preferencias o retirar tu consentimiento de inmediato.<\/p> <p>Adem\u00e1s de esto, los distintos navegadores ofrecen m\u00e9todos diferentes para bloquear y eliminar las cookies utilizadas por los sitios web. Puedes cambiar la configuraci\u00f3n de tu navegador para bloquear o eliminar las cookies. A continuaci\u00f3n, se incluyen los enlaces a los documentos de soporte sobre c\u00f3mo gestionar y eliminar cookies en los principales navegadores web:<\/p> <p>Chrome: <a href=\"https:\/\/support.google.com\/accounts\/answer\/32050\" rel=\"noopener noreferrer\" target=\"_blank\">https:\/\/support.google.com\/accounts\/answer\/32050<\/a><\/p> <p>Safari: <a href=\"https:\/\/support.apple.com\/en-in\/guide\/safari\/sfri11471\/mac\" rel=\"noopener noreferrer\" target=\"_blank\">https:\/\/support.apple.com\/en-in\/guide\/safari\/sfri11471\/mac<\/a><\/p> <p>Firefox: <a href=\"https:\/\/support.mozilla.org\/en-US\/kb\/clear-cookies-and-site-data-firefox?redirectslug=delete-cookies-remove-info-websites-stored&#038;redirectlocale=en-US\" rel=\"noopener noreferrer\" target=\"_blank\">https:\/\/support.mozilla.org\/en-US\/kb\/clear-cookies-and-site-data-firefox?redirectslug=delete-cookies-remove-info-websites-stored&#038;redirectlocale=en-US<\/a><\/p> <p>Internet Explorer: <a href=\"https:\/\/support.microsoft.com\/en-us\/topic\/how-to-delete-cookie-files-in-internet-explorer-bca9446f-d873-78de-77ba-d42645fa52fc\" rel=\"noopener noreferrer\" target=\"_blank\">https:\/\/support.microsoft.com\/en-us\/topic\/how-to-delete-cookie-files-in-internet-explorer-bca9446f-d873-78de-77ba-d42645fa52fc<\/a><\/p> <p>Si est\u00e1s utilizando otro navegador web, por favor consulta la documentaci\u00f3n oficial de soporte de tu navegador.<\/p> <\/div>\n\n \n<p class=\"cookie-policy-p\"> Pol\u00edtica de Cookies generada por <a target=\"_blank\" href=\"https:\/\/www.cookieyes.com\/?utm_source=CP&#038;utm_medium=footer&#038;utm_campaign=UW\">CookieYes &#8211; Generador de Pol\u00edticas de Cookies<\/a>. <\/p>\n\n\n\n<p><\/p>\n","protected":false},"excerpt":{"rendered":"<p>Pol\u00edtica de Cookies Fecha de entrada en vigor: 20-Jul-2025 \u00daltima actualizaci\u00f3n: 20-Jul-2025 \u00bfQu\u00e9 son las cookies? Esta Pol\u00edtica de Cookies explica qu\u00e9 son las cookies&hellip; <\/p>\n","protected":false},"author":1,"featured_media":0,"parent":0,"menu_order":0,"comment_status":"closed","ping_status":"closed","template":"","meta":{"footnotes":""},"class_list":["post-3574","page","type-page","status-publish","hentry"],"_links":{"self":[{"href":"https:\/\/www.seritium.es\/wordpress\/index.php\/wp-json\/wp\/v2\/pages\/3574","targetHints":{"allow":["GET"]}}],"collection":[{"href":"https:\/\/www.seritium.es\/wordpress\/index.php\/wp-json\/wp\/v2\/pages"}],"about":[{"href":"https:\/\/www.seritium.es\/wordpress\/index.php\/wp-json\/wp\/v2\/types\/page"}],"author":[{"embeddable":true,"href":"https:\/\/www.seritium.es\/wordpress\/index.php\/wp-json\/wp\/v2\/users\/1"}],"replies":[{"embeddable":true,"href":"https:\/\/www.seritium.es\/wordpress\/index.php\/wp-json\/wp\/v2\/comments?post=3574"}],"version-history":[{"count":8,"href":"https:\/\/www.seritium.es\/wordpress\/index.php\/wp-json\/wp\/v2\/pages\/3574\/revisions"}],"predecessor-version":[{"id":3586,"href":"https:\/\/www.seritium.es\/wordpress\/index.php\/wp-json\/wp\/v2\/pages\/3574\/revisions\/3586"}],"wp:attachment":[{"href":"https:\/\/www.seritium.es\/wordpress\/index.php\/wp-json\/wp\/v2\/media?parent=3574"}],"curies":[{"name":"wp","href":"https:\/\/api.w.org\/{rel}","templated":true}]}}