{"id":62,"date":"2019-09-10T19:49:25","date_gmt":"2019-09-10T17:49:25","guid":{"rendered":"https:\/\/www.seritium.es\/wordpress\/?page_id=62"},"modified":"2019-09-12T07:46:19","modified_gmt":"2019-09-12T05:46:19","slug":"nuestros-blogs-y-webs-educativas","status":"publish","type":"page","link":"https:\/\/www.seritium.es\/wordpress\/index.php\/educando\/nuestros-blogs-y-webs-educativas\/","title":{"rendered":"Nuestros blogs y webs educativas"},"content":{"rendered":"\n<div class=\"wp-block-image\"><figure class=\"aligncenter\"><img decoding=\"async\" src=\"https:\/\/www.open-ideas.es\/wp-content\/uploads\/blog.jpg\" alt=\"\"\/><figcaption>Imagen de <a href=\"https:\/\/www.open-ideas.es\/consejo-21-subestimes-el-periodismo-ciudadano-blogs\/\">open-ideas.es<\/a><\/figcaption><\/figure><\/div>\n\n\n\n<p class=\"has-text-color has-background has-very-light-gray-color has-cyan-bluish-gray-background-color\"><strong>Blogs de Lengua<\/strong> <\/p>\n\n\n\n<p><a href=\"https:\/\/sites.google.com\/site\/lalenguaquecompartimos\/\" target=\"_blank\" rel=\"noreferrer noopener\" aria-label=\" (abre en una nueva pesta\u00f1a)\">https:\/\/sites.google.com\/site\/lalenguaquecompartimos\/<\/a><\/p>\n\n\n\n<p class=\"has-text-color has-background has-very-light-gray-color has-cyan-bluish-gray-background-color\"><strong>Blogs de Matem\u00e1ticas<\/strong><\/p>\n\n\n\n<p><a href=\"https:\/\/lareinadelasciencias.wordpress.com\/\" target=\"_blank\" rel=\"noreferrer noopener\" aria-label=\" (abre en una nueva pesta\u00f1a)\">https:\/\/lareinadelasciencias.wordpress.com\/<\/a><\/p>\n\n\n\n<p class=\"has-text-color has-background has-very-light-gray-color has-cyan-bluish-gray-background-color\"><strong>Blogs de F\u00edsica y Qu\u00edmica<\/strong><\/p>\n\n\n\n<ul class=\"wp-block-list\"><li><strong>F\u00edsica de 2\u00ba de bachillerato: <\/strong><a rel=\"noreferrer noopener\" aria-label=\" (abre en una nueva pesta\u00f1a)\" href=\"https:\/\/sites.google.com\/site\/fisica2bac\/\" target=\"_blank\">https:\/\/sites.google.com\/site\/fisica2bac\/<\/a><\/li><li><strong>F\u00edsica y Qu\u00edmica de 1\u00ba de bachillerato: <\/strong><a rel=\"noreferrer noopener\" aria-label=\" (abre en una nueva pesta\u00f1a)\" href=\"https:\/\/sites.google.com\/site\/fyqseritium1bac\/\" target=\"_blank\">https:\/\/sites.google.com\/site\/fyqseritium1bac\/<\/a><\/li><li><strong>F\u00edsica y Qu\u00edmica de 4\u00ba de E.S.O.: <\/strong><a rel=\"noreferrer noopener\" aria-label=\" (abre en una nueva pesta\u00f1a)\" href=\"https:\/\/sites.google.com\/site\/fyqseritium4eso\/\" target=\"_blank\">https:\/\/sites.google.com\/site\/fyqseritium4eso\/<\/a><\/li><li><strong>F\u00edsica y Qu\u00edmica de 3\u00ba de E.S.O.: <\/strong><a rel=\"noreferrer noopener\" aria-label=\" (abre en una nueva pesta\u00f1a)\" href=\"https:\/\/sites.google.com\/site\/fyqseritium3eso\/\" target=\"_blank\">https:\/\/sites.google.com\/site\/fyqseritium3eso\/<\/a><\/li><li><strong>F\u00edsica y Qu\u00edmica de 2\u00ba de E.S.O.:<\/strong> <a rel=\"noreferrer noopener\" aria-label=\" (abre en una nueva pesta\u00f1a)\" href=\"https:\/\/sites.google.com\/site\/fyqseritium2eso\/\" target=\"_blank\">https:\/\/sites.google.com\/site\/fyqseritium2eso\/<\/a><\/li><\/ul>\n\n\n\n<p class=\"has-text-color has-background has-very-light-gray-color has-cyan-bluish-gray-background-color\"><strong>Blogs Pl\u00e1stica del IES Seritium<\/strong><\/p>\n\n\n\n<p><a rel=\"noreferrer noopener\" aria-label=\" (abre en una nueva pesta\u00f1a)\" href=\"https:\/\/iesseritium.blogspot.com\/\" target=\"_blank\">https:\/\/iesseritium.blogspot.com\/<\/a><\/p>\n\n\n\n<p class=\"has-text-color has-background has-very-light-gray-color has-cyan-bluish-gray-background-color\"><strong>Blogs de Tecnolog\u00eda, Rob\u00f3tica, TIC y nuevas tecnolog\u00edas<\/strong><\/p>\n\n\n\n<p><a href=\"https:\/\/agrportfolioeducativo.blogspot.com\/\" target=\"_blank\" rel=\"noreferrer noopener\" aria-label=\" (abre en una nueva pesta\u00f1a)\">https:\/\/agrportfolioeducativo.blogspot.com\/<\/a><\/p>\n\n\n\n<p><a href=\"https:\/\/robycad.wordpress.com\/\" target=\"_blank\" rel=\"noreferrer noopener\" aria-label=\" (abre en una nueva pesta\u00f1a)\">https:\/\/robycad.wordpress.com\/<\/a><\/p>\n\n\n\n<p class=\"has-text-color has-background has-very-light-gray-color has-cyan-bluish-gray-background-color\"><strong>Blogs de Ciencias Naturales, Biolog\u00eda y Geolog\u00eda<\/strong><\/p>\n\n\n\n<p><a href=\"https:\/\/cienciasdelanaturaleza.jimdo.com\/\">https:\/\/cienciasdelanaturaleza.jimdo.com\/<\/a><br><br><a rel=\"noreferrer noopener\" href=\"http:\/\/auladebiologia.jimdo.com\" target=\"_blank\">auladebiologia.jimdo.com<\/a><br><br><a rel=\"noreferrer noopener\" href=\"http:\/\/clasedeciencias.jimdo.com\" target=\"_blank\">clasedeciencias.jimdo.com<\/a><\/p>\n\n\n\n<p class=\"has-text-color has-background has-very-light-gray-color has-cyan-bluish-gray-background-color\"><strong>Blogs de Filosof\u00eda<\/strong><\/p>\n\n\n\n<p><a href=\"https:\/\/sites.google.com\/site\/filosofiaseritium\/\" target=\"_blank\" rel=\"noreferrer noopener\" aria-label=\" (abre en una nueva pesta\u00f1a)\">https:\/\/sites.google.com\/site\/filosofiaseritium\/<\/a><\/p>\n\n\n\n<p><a rel=\"noreferrer noopener\" aria-label=\" (abre en una nueva pesta\u00f1a)\" href=\"https:\/\/cerebrosentoneles.blogspot.com\/?m=1\" target=\"_blank\">https:\/\/cerebrosentoneles.blogspot.com\/?m=1<\/a><\/p>\n\n\n\n<p class=\"has-text-color has-background has-very-light-gray-color has-cyan-bluish-gray-background-color\"><strong>Blogs de Religi\u00f3n<\/strong><\/p>\n\n\n\n<p><a href=\"http:\/\/reliconjesus.blogspot.com\/\">http:\/\/reliconjesus.blogspot.com\/<\/a><\/p>\n","protected":false},"excerpt":{"rendered":"<p>Blogs de Lengua https:\/\/sites.google.com\/site\/lalenguaquecompartimos\/ Blogs de Matem\u00e1ticas https:\/\/lareinadelasciencias.wordpress.com\/ Blogs de F\u00edsica y Qu\u00edmica F\u00edsica de 2\u00ba de bachillerato: https:\/\/sites.google.com\/site\/fisica2bac\/ F\u00edsica y Qu\u00edmica de 1\u00ba de&hellip; <\/p>\n","protected":false},"author":1,"featured_media":0,"parent":59,"menu_order":0,"comment_status":"closed","ping_status":"closed","template":"","meta":{"footnotes":""},"class_list":["post-62","page","type-page","status-publish","hentry"],"_links":{"self":[{"href":"https:\/\/www.seritium.es\/wordpress\/index.php\/wp-json\/wp\/v2\/pages\/62","targetHints":{"allow":["GET"]}}],"collection":[{"href":"https:\/\/www.seritium.es\/wordpress\/index.php\/wp-json\/wp\/v2\/pages"}],"about":[{"href":"https:\/\/www.seritium.es\/wordpress\/index.php\/wp-json\/wp\/v2\/types\/page"}],"author":[{"embeddable":true,"href":"https:\/\/www.seritium.es\/wordpress\/index.php\/wp-json\/wp\/v2\/users\/1"}],"replies":[{"embeddable":true,"href":"https:\/\/www.seritium.es\/wordpress\/index.php\/wp-json\/wp\/v2\/comments?post=62"}],"version-history":[{"count":12,"href":"https:\/\/www.seritium.es\/wordpress\/index.php\/wp-json\/wp\/v2\/pages\/62\/revisions"}],"predecessor-version":[{"id":95,"href":"https:\/\/www.seritium.es\/wordpress\/index.php\/wp-json\/wp\/v2\/pages\/62\/revisions\/95"}],"up":[{"embeddable":true,"href":"https:\/\/www.seritium.es\/wordpress\/index.php\/wp-json\/wp\/v2\/pages\/59"}],"wp:attachment":[{"href":"https:\/\/www.seritium.es\/wordpress\/index.php\/wp-json\/wp\/v2\/media?parent=62"}],"curies":[{"name":"wp","href":"https:\/\/api.w.org\/{rel}","templated":true}]}}