{"id":675,"date":"2020-05-29T10:16:40","date_gmt":"2020-05-29T08:16:40","guid":{"rendered":"https:\/\/www.seritium.es\/wordpress\/?page_id=675"},"modified":"2021-08-30T19:55:20","modified_gmt":"2021-08-30T17:55:20","slug":"formulario-de-certificados","status":"publish","type":"page","link":"https:\/\/www.seritium.es\/wordpress\/index.php\/formulario-de-certificados\/","title":{"rendered":"Formulario de certificados"},"content":{"rendered":"\n<p class=\"has-medium-font-size\">Utilice este formulario s\u00f3lo y exclusivamente para solicitar un certificado de <strong>matr\u00edcula<\/strong> o un certificado de <strong>expediente acad\u00e9mico<\/strong>.<\/p>\n\n\n\n<p class=\"has-medium-font-size\"><strong>Los certificados de matr\u00edcula <\/strong>dan fe de si un alumno\/a est\u00e1 matriculado en el centro.<\/p>\n\n\n\n<p class=\"has-medium-font-size\"><strong>Los certificados de expediente acad\u00e9mico <\/strong>muestran informaci\u00f3n de los cursos superados y las calificaciones, detalladas por materias.<\/p>\n\n\n\n<p class=\"has-text-color has-medium-font-size\" style=\"color:#063652\"><strong>Los certificados se mandar\u00e1n firmados digitalmente al correo electr\u00f3nico que se nos indique. No necesitar\u00e1 venir al instituto a por ellos. <\/strong><\/p>\n\n\n\n\n<div class=\"wpforms-container wpforms-container-full\" id=\"wpforms-678\"><form id=\"wpforms-form-678\" class=\"wpforms-validate wpforms-form\" data-formid=\"678\" method=\"post\" enctype=\"multipart\/form-data\" action=\"\/wordpress\/index.php\/wp-json\/wp\/v2\/pages\/675\" data-token=\"798211b28be5f99eb3a18e442b794acc\" data-token-time=\"1778224981\"><noscript class=\"wpforms-error-noscript\">Por favor, activa JavaScript en tu navegador para completar este formulario.<\/noscript><div class=\"wpforms-field-container\"><div id=\"wpforms-678-field_15-container\" class=\"wpforms-field wpforms-field-checkbox wpforms-list-inline\" data-field-id=\"15\"><label class=\"wpforms-field-label\">Quiero un certificado de... <span class=\"wpforms-required-label\">*<\/span><\/label><ul id=\"wpforms-678-field_15\" class=\"wpforms-field-required\" data-choice-limit=\"1\"><li class=\"choice-1 depth-1\"><input type=\"checkbox\" id=\"wpforms-678-field_15_1\" data-rule-check-limit=\"true\" name=\"wpforms[fields][15][]\" value=\"Matr\u00edcula\" required ><label class=\"wpforms-field-label-inline\" for=\"wpforms-678-field_15_1\">Matr\u00edcula<\/label><\/li><li class=\"choice-2 depth-1\"><input type=\"checkbox\" id=\"wpforms-678-field_15_2\" data-rule-check-limit=\"true\" name=\"wpforms[fields][15][]\" value=\"Expediente acad\u00e9mico\" required ><label class=\"wpforms-field-label-inline\" for=\"wpforms-678-field_15_2\">Expediente acad\u00e9mico<\/label><\/li><\/ul><div class=\"wpforms-field-description\">Importante: elige qu\u00e9 tipo de certificado se necesita<\/div><\/div><div id=\"wpforms-678-field_19-container\" class=\"wpforms-field wpforms-field-email\" data-field-id=\"19\"><label class=\"wpforms-field-label\" for=\"wpforms-678-field_19\">Correo electr\u00f3nico <span class=\"wpforms-required-label\">*<\/span><\/label><input type=\"email\" id=\"wpforms-678-field_19\" class=\"wpforms-field-medium wpforms-field-required\" name=\"wpforms[fields][19]\" spellcheck=\"false\" required><div class=\"wpforms-field-description\">Importante: email en el que se entregar\u00e1 el certificado. El certificado se entregar\u00e1 a esta direcci\u00f3n de email firmado digitalmente.<\/div><\/div><div id=\"wpforms-678-field_18-container\" class=\"wpforms-field wpforms-field-text\" data-field-id=\"18\"><label class=\"wpforms-field-label\" for=\"wpforms-678-field_18\">N\u00famero de tel\u00e9fono<\/label><input type=\"text\" id=\"wpforms-678-field_18\" class=\"wpforms-field-small\" name=\"wpforms[fields][18]\" ><div class=\"wpforms-field-description\">Opcional. Por si necesitamos ponernos en contacto contigo.<\/div><\/div><div id=\"wpforms-678-field_1-container\" class=\"wpforms-field wpforms-field-name\" data-field-id=\"1\"><label class=\"wpforms-field-label\">Nombre y apellidos del alumno\/a <span class=\"wpforms-required-label\">*<\/span><\/label><div class=\"wpforms-field-row wpforms-field-medium\"><div class=\"wpforms-field-row-block wpforms-first wpforms-one-half\"><input type=\"text\" id=\"wpforms-678-field_1\" class=\"wpforms-field-name-first wpforms-field-required\" name=\"wpforms[fields][1][first]\" required><label for=\"wpforms-678-field_1\" class=\"wpforms-field-sublabel after\">Nombre<\/label><\/div><div class=\"wpforms-field-row-block wpforms-one-half\"><input type=\"text\" id=\"wpforms-678-field_1-last\" class=\"wpforms-field-name-last wpforms-field-required\" name=\"wpforms[fields][1][last]\" required><label for=\"wpforms-678-field_1-last\" class=\"wpforms-field-sublabel after\">Apellidos<\/label><\/div><\/div><div class=\"wpforms-field-description\">Nombre y apellidos del alumno\/a al que se va a expedir el certificado<\/div><\/div><div id=\"wpforms-678-field_2-container\" class=\"wpforms-field wpforms-field-checkbox wpforms-list-inline\" data-field-id=\"2\"><label class=\"wpforms-field-label\">Curso en el que est\u00e1 o \u00faltimo curso que realiz\u00f3 <span class=\"wpforms-required-label\">*<\/span><\/label><ul id=\"wpforms-678-field_2\" class=\"wpforms-field-required\" data-choice-limit=\"1\"><li class=\"choice-4 depth-1\"><input type=\"checkbox\" id=\"wpforms-678-field_2_4\" data-rule-check-limit=\"true\" name=\"wpforms[fields][2][]\" value=\"1 ESO\" required ><label class=\"wpforms-field-label-inline\" for=\"wpforms-678-field_2_4\">1 ESO<\/label><\/li><li class=\"choice-5 depth-1\"><input type=\"checkbox\" id=\"wpforms-678-field_2_5\" data-rule-check-limit=\"true\" name=\"wpforms[fields][2][]\" value=\"2 ESO\" required ><label class=\"wpforms-field-label-inline\" for=\"wpforms-678-field_2_5\">2 ESO<\/label><\/li><li class=\"choice-6 depth-1\"><input type=\"checkbox\" id=\"wpforms-678-field_2_6\" data-rule-check-limit=\"true\" name=\"wpforms[fields][2][]\" value=\"3 ESO\" required ><label class=\"wpforms-field-label-inline\" for=\"wpforms-678-field_2_6\">3 ESO<\/label><\/li><li class=\"choice-7 depth-1\"><input type=\"checkbox\" id=\"wpforms-678-field_2_7\" data-rule-check-limit=\"true\" name=\"wpforms[fields][2][]\" value=\"4 ESO\" required ><label class=\"wpforms-field-label-inline\" for=\"wpforms-678-field_2_7\">4 ESO<\/label><\/li><li class=\"choice-8 depth-1\"><input type=\"checkbox\" id=\"wpforms-678-field_2_8\" data-rule-check-limit=\"true\" name=\"wpforms[fields][2][]\" value=\"1 BAC\" required ><label class=\"wpforms-field-label-inline\" for=\"wpforms-678-field_2_8\">1 BAC<\/label><\/li><li class=\"choice-9 depth-1\"><input type=\"checkbox\" id=\"wpforms-678-field_2_9\" data-rule-check-limit=\"true\" name=\"wpforms[fields][2][]\" value=\"2 BAC\" required ><label class=\"wpforms-field-label-inline\" for=\"wpforms-678-field_2_9\">2 BAC<\/label><\/li><li class=\"choice-10 depth-1\"><input type=\"checkbox\" id=\"wpforms-678-field_2_10\" data-rule-check-limit=\"true\" name=\"wpforms[fields][2][]\" value=\"1 Ciclo\" required ><label class=\"wpforms-field-label-inline\" for=\"wpforms-678-field_2_10\">1 Ciclo<\/label><\/li><li class=\"choice-11 depth-1\"><input type=\"checkbox\" id=\"wpforms-678-field_2_11\" data-rule-check-limit=\"true\" name=\"wpforms[fields][2][]\" value=\"2 Ciclo\" required ><label class=\"wpforms-field-label-inline\" for=\"wpforms-678-field_2_11\">2 Ciclo<\/label><\/li><\/ul><div class=\"wpforms-field-description\">Marca el curso donde est\u00e1 matriculado actualmente o el \u00faltimo curso que curs\u00f3 en el centro.<\/div><\/div><div id=\"wpforms-678-field_3-container\" class=\"wpforms-field wpforms-field-checkbox wpforms-list-inline\" data-field-id=\"3\"><label class=\"wpforms-field-label\">Clase <span class=\"wpforms-required-label\">*<\/span><\/label><ul id=\"wpforms-678-field_3\" class=\"wpforms-field-required\"><li class=\"choice-4 depth-1\"><input type=\"checkbox\" id=\"wpforms-678-field_3_4\" name=\"wpforms[fields][3][]\" value=\"A\" required ><label class=\"wpforms-field-label-inline\" for=\"wpforms-678-field_3_4\">A<\/label><\/li><li class=\"choice-5 depth-1\"><input type=\"checkbox\" id=\"wpforms-678-field_3_5\" name=\"wpforms[fields][3][]\" value=\"B\" required ><label class=\"wpforms-field-label-inline\" for=\"wpforms-678-field_3_5\">B<\/label><\/li><li class=\"choice-6 depth-1\"><input type=\"checkbox\" id=\"wpforms-678-field_3_6\" name=\"wpforms[fields][3][]\" value=\"C\" required ><label class=\"wpforms-field-label-inline\" for=\"wpforms-678-field_3_6\">C<\/label><\/li><li class=\"choice-7 depth-1\"><input type=\"checkbox\" id=\"wpforms-678-field_3_7\" name=\"wpforms[fields][3][]\" value=\"D\" required ><label class=\"wpforms-field-label-inline\" for=\"wpforms-678-field_3_7\">D<\/label><\/li><li class=\"choice-8 depth-1\"><input type=\"checkbox\" id=\"wpforms-678-field_3_8\" name=\"wpforms[fields][3][]\" value=\"E\" required ><label class=\"wpforms-field-label-inline\" for=\"wpforms-678-field_3_8\">E<\/label><\/li><li class=\"choice-9 depth-1\"><input type=\"checkbox\" id=\"wpforms-678-field_3_9\" name=\"wpforms[fields][3][]\" value=\"F\" required ><label class=\"wpforms-field-label-inline\" for=\"wpforms-678-field_3_9\">F<\/label><\/li><li class=\"choice-10 depth-1\"><input type=\"checkbox\" id=\"wpforms-678-field_3_10\" name=\"wpforms[fields][3][]\" value=\"No me acuerdo\" required ><label class=\"wpforms-field-label-inline\" for=\"wpforms-678-field_3_10\">No me acuerdo<\/label><\/li><\/ul><div class=\"wpforms-field-description\">Clase a la que pertenece o la clase del curso que se marc\u00f3 en el apartado anterior.<\/div><\/div><div id=\"wpforms-678-field_5-container\" class=\"wpforms-field wpforms-field-text\" data-field-id=\"5\"><label class=\"wpforms-field-label\" for=\"wpforms-678-field_5\">DNI - NIF del alumno <span class=\"wpforms-required-label\">*<\/span><\/label><input type=\"text\" id=\"wpforms-678-field_5\" class=\"wpforms-field-small wpforms-field-required wpforms-limit-characters-enabled\" data-form-id=\"678\" data-field-id=\"5\" data-text-limit=\"15\" name=\"wpforms[fields][5]\" placeholder=\"Ejemplo: 31888999F\" maxlength=\"15\" required><div class=\"wpforms-field-description\">N\u00famero del DNI m\u00e1s la letra final.<\/div><\/div><div id=\"wpforms-678-field_6-container\" class=\"wpforms-field wpforms-field-text\" data-field-id=\"6\"><label class=\"wpforms-field-label\" for=\"wpforms-678-field_6\">Fecha de nacimiento <span class=\"wpforms-required-label\">*<\/span><\/label><input type=\"text\" id=\"wpforms-678-field_6\" class=\"wpforms-field-small wpforms-field-required wpforms-limit-characters-enabled\" data-form-id=\"678\" data-field-id=\"6\" data-text-limit=\"10\" name=\"wpforms[fields][6]\" placeholder=\"Ejemplo: 01\/01\/2005\" maxlength=\"10\" required><div class=\"wpforms-field-description\">Indique la fecha de nacimiento del alumno, del tipo d\u00eda \/ mes \/ a\u00f1o<\/div><\/div><div id=\"wpforms-678-field_7-container\" class=\"wpforms-field wpforms-field-name\" data-field-id=\"7\"><label class=\"wpforms-field-label\">Nombre del padre \/ madre \/ persona que solicita el certificado <\/label><div class=\"wpforms-field-row wpforms-field-medium\"><div class=\"wpforms-field-row-block wpforms-first wpforms-one-half\"><input type=\"text\" id=\"wpforms-678-field_7\" class=\"wpforms-field-name-first\" name=\"wpforms[fields][7][first]\" ><label for=\"wpforms-678-field_7\" class=\"wpforms-field-sublabel after\">Nombre<\/label><\/div><div class=\"wpforms-field-row-block wpforms-one-half\"><input type=\"text\" id=\"wpforms-678-field_7-last\" class=\"wpforms-field-name-last\" name=\"wpforms[fields][7][last]\" ><label for=\"wpforms-678-field_7-last\" class=\"wpforms-field-sublabel after\">Apellidos<\/label><\/div><\/div><div class=\"wpforms-field-description\">En el caso de que el solicitante sea distinto al alumno\/a objeto del certificado, por se \u00e9ste\/a menor de edad, o porque act\u00faa en representaci\u00f3n del alumno\/a, indicar aqu\u00ed nombre y apellidos<\/div><\/div><div id=\"wpforms-678-field_9-container\" class=\"wpforms-field wpforms-field-text\" data-field-id=\"9\"><label class=\"wpforms-field-label\" for=\"wpforms-678-field_9\">DNI - NIF del solicitante<\/label><input type=\"text\" id=\"wpforms-678-field_9\" class=\"wpforms-field-small wpforms-limit-characters-enabled\" data-form-id=\"678\" data-field-id=\"9\" data-text-limit=\"15\" name=\"wpforms[fields][9]\" placeholder=\"Ejemplo: 31888999F\" maxlength=\"15\" ><div class=\"wpforms-field-description\">N\u00famero del DNI m\u00e1s la letra final.<\/div><\/div><div id=\"wpforms-678-field_11-container\" class=\"wpforms-field wpforms-field-text\" data-field-id=\"11\"><label class=\"wpforms-field-label\" for=\"wpforms-678-field_11\">Relaci\u00f3n con el alumno\/a<\/label><input type=\"text\" id=\"wpforms-678-field_11\" class=\"wpforms-field-medium\" name=\"wpforms[fields][11]\" ><div class=\"wpforms-field-description\">Indicar si se es padre \/ madre \/ tutor legal del alumno\/a<\/div><\/div><div id=\"wpforms-678-field_16-container\" class=\"wpforms-field wpforms-field-textarea\" data-field-id=\"16\"><label class=\"wpforms-field-label\" for=\"wpforms-678-field_16\">Observaciones<\/label><textarea id=\"wpforms-678-field_16\" class=\"wpforms-field-medium\" name=\"wpforms[fields][16]\" ><\/textarea><div class=\"wpforms-field-description\">Si necesita alguna aclaraci\u00f3n sobre el certificado o a\u00f1adir alguna informaci\u00f3n adicional. En particular, est\u00e1 en su derecho de no decirnos para qu\u00e9 necesitan el certificado, pero si quieren hacerlo, podemos orientarles mejor en lo que necesitan.<\/div><\/div><\/div><!-- .wpforms-field-container --><div class=\"wpforms-field wpforms-field-hp\"><label for=\"wpforms-678-field-hp\" class=\"wpforms-field-label\">Email<\/label><input type=\"text\" name=\"wpforms[hp]\" id=\"wpforms-678-field-hp\" class=\"wpforms-field-medium\"><\/div><div class=\"wpforms-recaptcha-container wpforms-is-recaptcha wpforms-is-recaptcha-type-v2\" ><div class=\"g-recaptcha\" data-sitekey=\"6LcTsvgUAAAAABVauEQmQcSbi2gWCtYSZIGwmP_y\"><\/div><input type=\"text\" name=\"g-recaptcha-hidden\" class=\"wpforms-recaptcha-hidden\" style=\"position:absolute!important;clip:rect(0,0,0,0)!important;height:1px!important;width:1px!important;border:0!important;overflow:hidden!important;padding:0!important;margin:0!important;\" data-rule-recaptcha=\"1\"><\/div><div class=\"wpforms-submit-container\" ><input type=\"hidden\" name=\"wpforms[id]\" value=\"678\"><input type=\"hidden\" name=\"page_title\" value=\"\"><input type=\"hidden\" name=\"page_url\" value=\"https:\/\/www.seritium.es\/wordpress\/index.php\/wp-json\/wp\/v2\/pages\/675\"><input type=\"hidden\" name=\"url_referer\" value=\"\"><button type=\"submit\" name=\"wpforms[submit]\" id=\"wpforms-submit-678\" class=\"wpforms-submit\" data-alt-text=\"Enviando...\" data-submit-text=\"Enviar\" aria-live=\"assertive\" value=\"wpforms-submit\">Enviar<\/button><\/div><\/form><\/div>  <!-- .wpforms-container -->\n\n\n\n<p><\/p>\n","protected":false},"excerpt":{"rendered":"<p>Utilice este formulario s\u00f3lo y exclusivamente para solicitar un certificado de matr\u00edcula o un certificado de expediente acad\u00e9mico. Los certificados de matr\u00edcula dan fe de&hellip; <\/p>\n","protected":false},"author":1,"featured_media":0,"parent":0,"menu_order":0,"comment_status":"closed","ping_status":"closed","template":"","meta":{"footnotes":""},"class_list":["post-675","page","type-page","status-publish","hentry"],"_links":{"self":[{"href":"https:\/\/www.seritium.es\/wordpress\/index.php\/wp-json\/wp\/v2\/pages\/675","targetHints":{"allow":["GET"]}}],"collection":[{"href":"https:\/\/www.seritium.es\/wordpress\/index.php\/wp-json\/wp\/v2\/pages"}],"about":[{"href":"https:\/\/www.seritium.es\/wordpress\/index.php\/wp-json\/wp\/v2\/types\/page"}],"author":[{"embeddable":true,"href":"https:\/\/www.seritium.es\/wordpress\/index.php\/wp-json\/wp\/v2\/users\/1"}],"replies":[{"embeddable":true,"href":"https:\/\/www.seritium.es\/wordpress\/index.php\/wp-json\/wp\/v2\/comments?post=675"}],"version-history":[{"count":12,"href":"https:\/\/www.seritium.es\/wordpress\/index.php\/wp-json\/wp\/v2\/pages\/675\/revisions"}],"predecessor-version":[{"id":2149,"href":"https:\/\/www.seritium.es\/wordpress\/index.php\/wp-json\/wp\/v2\/pages\/675\/revisions\/2149"}],"wp:attachment":[{"href":"https:\/\/www.seritium.es\/wordpress\/index.php\/wp-json\/wp\/v2\/media?parent=675"}],"curies":[{"name":"wp","href":"https:\/\/api.w.org\/{rel}","templated":true}]}}